{"id":84,"date":"2014-04-06T16:30:18","date_gmt":"2014-04-06T14:30:18","guid":{"rendered":"http:\/\/stadttauben-bochum.de\/?page_id=84"},"modified":"2025-09-04T09:17:03","modified_gmt":"2025-09-04T07:17:03","slug":"taube-gefunden","status":"publish","type":"page","link":"https:\/\/stadttauben-bochum.de\/?page_id=84","title":{"rendered":"Erst retten, dann chatten!"},"content":{"rendered":"\t\t<div data-elementor-type=\"wp-page\" data-elementor-id=\"84\" class=\"elementor elementor-84\">\n\t\t\t\t<div class=\"elementor-element elementor-element-4fc7d9c7 e-flex e-con-boxed e-con e-parent\" data-id=\"4fc7d9c7\" data-element_type=\"container\" data-e-type=\"container\">\n\t\t\t\t\t<div class=\"e-con-inner\">\n\t\t\t\t<div class=\"elementor-element elementor-element-749a653d elementor-widget elementor-widget-text-editor\" data-id=\"749a653d\" data-element_type=\"widget\" data-e-type=\"widget\" data-widget_type=\"text-editor.default\">\n\t\t\t\t\t\t\t\t\t<p>Als kleiner Verein, der nur aus wenigen aktiven, ehrenamtlichen Mitgliedern besteht, sind wir auf <strong>deine Hilfe<\/strong> angewiesen, um Tauben retten zu k\u00f6nnen.<\/p><p>Bitte befolge die folgenden Punkte:<\/p><ol><li><strong>Sichere die Taube\u00a0<\/strong><br \/>Tauben die Hilfe ben\u00f6tigen, ergeben sich ihrem Schicksal in der Regel sehr schnell. Du brauchst keine Angst vor einem erh\u00f6hten Risiko haben dir irgendwelche Krankheiten einzufangen. Egal was man dir erz\u00e4hlt, <strong>Tauben \u00fcbertragen nicht mehr Krankheiten als andere Tiere auch!<\/strong> Deshalb bitte pack sie in einen Karton um sie erst einmal zu sichern! Im Notfall tut es auch ein Jutebeutel! Hast du beides nicht zur Hand ist das n\u00e4chste Gesch\u00e4ft nicht weit. Such dir ruhig Hilfe, und behalte die Taube im Auge, sodass sie nicht abhaut.<\/li><li><strong>Melde die Taube<\/strong><br \/>Wenn die Taube gesichert ist, <a href=\"https:\/\/stadttauben-bochum.de\/?page_id=1391\">meldest du dich bei uns per Mail<\/a> an:<br \/>Notfall@stadttauben-Bochum.de<br \/>oder per Facebook:<br \/><a href=\"https:\/\/www.facebook.com\/stadttaubenbochum\">Stadttauben Bochum e.V.<\/a><br \/>Oder in eine der folgenden Facebook Gruppen:<br \/><a href=\"https:\/\/www.facebook.com\/groups\/Wildvogelhilfe\">\u201eWildvogelhilfe-Notf\u00e4lle\u201c<\/a>.<br \/>Da wir alle ehrenamtlich unterwegs sind, kann es schonmal dauern bis du eine Antwort bekommst, aber keine Sorge die Taube kann im Karton ausharren. Das wichtigste ist, dass sie nicht mehr ungesch\u00fctzt ist!<\/li><li><strong>Ruhe bewahren<\/strong><br \/>Jetzt hast du das gr\u00f6bste \u00fcberstanden! Achte bitte darauf, dass die Taube genug Luft im Karton hat. <strong>Gib ihr erstmal kein Wasser und kein Futter!<\/strong><\/li><li><strong>Eventuelle Hilfe deinerseits<\/strong><br \/>Wenn es irgendwie m\u00f6glich ist, w\u00e4ren wir dir sehr dankbar, wenn du uns bei der Rettung dann weiter unterst\u00fctzt. (Das kl\u00e4rt sich dann aber individuell sobald Kontakt hergestellt ist. Sei es durch das Bringen der Taube, eine Fahrt in die Taubenklinik oder eine kleine Spende. Wir sind alle ehrenamtlich und ohne Hilfe der Stadt t\u00e4tig! Es gilt aber jeder so wie er kann!<\/li><\/ol><p><strong>Abschlie\u00dfend:<\/strong><br \/><strong>Erst retten, dann chatten!<\/strong> Bitte behalte das im Hinterkopf, denn schon so oft sind wir vergebens zu Meldungen geeilt und kamen doch zu sp\u00e4t, das Tier war weg oder bereits tot. Daf\u00fcr haben wir dann alles stehen und liegen gelassen, was uns nicht leichter f\u00e4llt als dir oder anderen Menschen.<br \/>Du kannst uns die Taube nach Absprache fast jederzeit bringen oder wir nennen dir andere Optionen, wenn unsere Kapazit\u00e4ten ersch\u00f6pft sind.<\/p><p><strong>Brieftauben<\/strong> k\u00f6nnt ihr in die Taubenklinik nach Essen bringen, sie machen den Besitzer ausfindig: Katernberger Str. 115, 45327 Essen 0201 848390<\/p><p><strong>Schwerverletzte Tiere<\/strong> sollten umgehend zum n\u00e4chsten Tierarzt gebracht werden und dort erl\u00f6st werden, wenn es keinen anderen Ausweg mehr gibt. <strong>Aber<\/strong> Stadttauben kommen auch noch super klar, wenn sie nicht mehr fliegen k\u00f6nnen. Wir haben eine Handicapvoliere, wo sie ein zufriedenes Leben f\u00fchren k\u00f6nnen. Das ist also kein Grund f\u00fcr eine Euthanasie bei einer Stadttaube. Ihr k\u00f6nnt dem Tierarzt sagen, dass er sich bei uns melden kann, wenn Pflege und Endstellen gesucht werden nach der Behandlung.<\/p><p>Wir freuen uns, dass du das Leid der Tauben bemerkst und sie so behandelst, wie andere Tiere auch.<br \/>Viele Menschen hassen Tauben und w\u00fcrden ihnen niemals helfen.<br \/>Danke dass du anders bist\u00a0<span class=\"_47e3 _5mfr\" title=\"\u201eheart\u201c-Emoticon\"><img decoding=\"async\" class=\"img\" src=\"https:\/\/static.xx.fbcdn.net\/images\/emoji.php\/v9\/f6e\/3\/16\/2764.png\" alt=\"\" width=\"16\" height=\"16\" \/>!<\/span><\/p><p><span class=\"_47e3 _5mfr\" title=\"\u201eheart\u201c-Emoticon\">Wenn du dich weiter informieren m\u00f6chtest, findest du <a href=\"https:\/\/stadttauben-bochum.de\/?page_id=699\">hier<\/a> Tipps f\u00fcr Fortgeschrittene und <a href=\"https:\/\/stadttauben-bochum.de\/?page_id=1234\">hier<\/a> kannst du dich \u00fcber aktive mithilfe informieren!\u00a0<\/span><\/p><p><a href=\"https:\/\/stadttauben-bochum.de\/wp-content\/uploads\/2014\/04\/P1060270.jpg\" rel=\"attachment wp-att-270\"><img fetchpriority=\"high\" decoding=\"async\" class=\"size-large wp-image-270 aligncenter\" src=\"https:\/\/stadttauben-bochum.de\/wp-content\/uploads\/2014\/04\/P1060270-1024x768.jpg\" alt=\"P1060270\" width=\"625\" height=\"469\" srcset=\"https:\/\/stadttauben-bochum.de\/wp-content\/uploads\/2014\/04\/P1060270-1024x768.jpg 1024w, https:\/\/stadttauben-bochum.de\/wp-content\/uploads\/2014\/04\/P1060270-300x225.jpg 300w, https:\/\/stadttauben-bochum.de\/wp-content\/uploads\/2014\/04\/P1060270-768x576.jpg 768w, https:\/\/stadttauben-bochum.de\/wp-content\/uploads\/2014\/04\/P1060270-624x468.jpg 624w\" sizes=\"(max-width: 625px) 100vw, 625px\" \/><\/a><\/p>\t\t\t\t\t\t\t\t<\/div>\n\t\t\t\t\t<\/div>\n\t\t\t\t<\/div>\n\t\t\t\t<\/div>\n\t\t","protected":false},"excerpt":{"rendered":"<p>Als kleiner Verein, der nur aus wenigen aktiven, ehrenamtlichen Mitgliedern besteht, sind wir auf deine Hilfe angewiesen, um Tauben retten zu k\u00f6nnen. Bitte befolge die folgenden Punkte: Sichere die Taube\u00a0Tauben&#8230;<\/p>\n","protected":false},"author":3,"featured_media":0,"parent":0,"menu_order":7,"comment_status":"closed","ping_status":"closed","template":"","meta":{"_uag_custom_page_level_css":"","footnotes":""},"class_list":["post-84","page","type-page","status-publish","hentry"],"uagb_featured_image_src":{"full":false,"thumbnail":false,"medium":false,"medium_large":false,"large":false,"1536x1536":false,"2048x2048":false,"post-thumbnail":false,"graphy-post-thumbnail-large":false,"graphy-post-thumbnail-medium":false,"graphy-post-thumbnail-small":false,"graphy-page-thumbnail":false},"uagb_author_info":{"display_name":"Stadttaube","author_link":"https:\/\/stadttauben-bochum.de\/?author=3"},"uagb_comment_info":0,"uagb_excerpt":"Als kleiner Verein, der nur aus wenigen aktiven, ehrenamtlichen Mitgliedern besteht, sind wir auf deine Hilfe angewiesen, um Tauben retten zu k\u00f6nnen. Bitte befolge die folgenden Punkte: Sichere die Taube\u00a0Tauben...","_links":{"self":[{"href":"https:\/\/stadttauben-bochum.de\/index.php?rest_route=\/wp\/v2\/pages\/84","targetHints":{"allow":["GET"]}}],"collection":[{"href":"https:\/\/stadttauben-bochum.de\/index.php?rest_route=\/wp\/v2\/pages"}],"about":[{"href":"https:\/\/stadttauben-bochum.de\/index.php?rest_route=\/wp\/v2\/types\/page"}],"author":[{"embeddable":true,"href":"https:\/\/stadttauben-bochum.de\/index.php?rest_route=\/wp\/v2\/users\/3"}],"replies":[{"embeddable":true,"href":"https:\/\/stadttauben-bochum.de\/index.php?rest_route=%2Fwp%2Fv2%2Fcomments&post=84"}],"version-history":[{"count":26,"href":"https:\/\/stadttauben-bochum.de\/index.php?rest_route=\/wp\/v2\/pages\/84\/revisions"}],"predecessor-version":[{"id":1453,"href":"https:\/\/stadttauben-bochum.de\/index.php?rest_route=\/wp\/v2\/pages\/84\/revisions\/1453"}],"wp:attachment":[{"href":"https:\/\/stadttauben-bochum.de\/index.php?rest_route=%2Fwp%2Fv2%2Fmedia&parent=84"}],"curies":[{"name":"wp","href":"https:\/\/api.w.org\/{rel}","templated":true}]}}