{"id":664,"date":"2022-07-14T10:18:27","date_gmt":"2022-07-14T08:18:27","guid":{"rendered":"http:\/\/stadttauben-bochum.de\/?page_id=664"},"modified":"2025-04-18T15:32:39","modified_gmt":"2025-04-18T13:32:39","slug":"galerie","status":"publish","type":"page","link":"https:\/\/stadttauben-bochum.de\/?page_id=664","title":{"rendered":"Mediathek"},"content":{"rendered":"\n<p class=\"has-text-align-center\">Hier findest du eine Auswahl an Bildern und Videos.<\/p>\n\n\n\n<p class=\"has-text-align-center\">Gerne darfst du sie mit einem Verweis auf unseren Verein <strong>nicht kommerziell<\/strong> benutzen und teilen. M\u00f6chtest du die Bilder ver\u00e4ndern, kontaktiere uns bitte vorher. Wenn du sie z.B. f\u00fcr deine privaten Zwecke, wie z.B. Handyh\u00fclle oder ein T-Shirt nutzt, musst du das nicht tun. <\/p>\n\n\n\n<p class=\"has-text-align-center\">Wir w\u00fcrden uns aber \u00fcber eine kleine Spende freuen \ud83d\ude09<\/p>\n\n\n\n<hr class=\"wp-block-separator has-alpha-channel-opacity\"\/>\n\n\n\n<div class=\"wp-block-uagb-container uagb-block-c20ef962 alignfull uagb-is-root-container\"><div class=\"uagb-container-inner-blocks-wrap\">\n<div class=\"wp-block-uagb-container uagb-block-d78cff76\">\n<p><strong>Unser Flyer zum Dowload: <\/strong><\/p>\n<\/div>\n\n\n\n<div class=\"wp-block-uagb-container uagb-block-8072fec8\">\n<div class=\"wp-block-file\"><a id=\"wp-block-file--media-57d8bb99-af6e-4862-82fa-e84426c1e3b3\" href=\"https:\/\/stadttauben-bochum.de\/wp-content\/uploads\/2025\/04\/GEMEINSAM-Taubenhaus-1.png\">GEMEINSAM &#8211; Taubenhaus<\/a><a href=\"https:\/\/stadttauben-bochum.de\/wp-content\/uploads\/2025\/04\/GEMEINSAM-Taubenhaus-1.png\" class=\"wp-block-file__button wp-element-button\" download aria-describedby=\"wp-block-file--media-57d8bb99-af6e-4862-82fa-e84426c1e3b3\">Herunterladen<\/a><\/div>\n<\/div>\n\n\n\n<div class=\"wp-block-file\"><a id=\"wp-block-file--media-b10fbb00-800b-45b9-9075-476307bfba47\" href=\"https:\/\/stadttauben-bochum.de\/wp-content\/uploads\/2025\/04\/2-1.png\">GEMINSAM R\u00fcckseite<\/a><a href=\"https:\/\/stadttauben-bochum.de\/wp-content\/uploads\/2025\/04\/2-1.png\" class=\"wp-block-file__button wp-element-button\" download aria-describedby=\"wp-block-file--media-b10fbb00-800b-45b9-9075-476307bfba47\">Herunterladen<\/a><\/div>\n<\/div><\/div>\n\n\n\n<hr class=\"wp-block-separator has-alpha-channel-opacity\"\/>\n\n\n\n<h2 class=\"wp-block-heading has-text-align-center\">Unser neuer Freiflugschlag:<\/h2>\n\n\n\n<figure class=\"wp-block-video\"><video height=\"1280\" style=\"aspect-ratio: 720 \/ 1280;\" width=\"720\" controls src=\"https:\/\/stadttauben-bochum.de\/wp-content\/uploads\/2025\/04\/VID_20250409_185443.mp4\"><\/video><\/figure>\n\n\n\n<hr class=\"wp-block-separator has-alpha-channel-opacity\"\/>\n\n\n\n<h2 class=\"wp-block-heading\">Kurzes Video zum Eiertausch mit Erkl\u00e4rung:<\/h2>\n\n\n\n<figure class=\"wp-block-video\"><video height=\"1280\" style=\"aspect-ratio: 720 \/ 1280;\" width=\"720\" controls src=\"https:\/\/stadttauben-bochum.de\/wp-content\/uploads\/2025\/04\/VID_20250402_045521_671.mp4\"><\/video><\/figure>\n\n\n\n<h2 class=\"wp-block-heading has-text-align-center\">Das Vereinsjahr 2024<\/h2>\n\n\n\n<figure class=\"wp-block-video\"><video height=\"1280\" style=\"aspect-ratio: 718 \/ 1280;\" width=\"718\" controls src=\"https:\/\/stadttauben-bochum.de\/wp-content\/uploads\/2025\/04\/VID_20250418_055418_226.mp4\"><\/video><\/figure>\n\n\n\n<hr class=\"wp-block-separator has-alpha-channel-opacity\"\/>\n\n\n\n<h2 class=\"wp-block-heading has-text-align-center\">Galerie:<\/h2>\n\n\n\n<figure class=\"wp-block-image size-large\"><a href=\"https:\/\/stadttauben-bochum.de\/wp-content\/uploads\/2022\/07\/Kalender_01-scaled.jpg\"><img fetchpriority=\"high\" decoding=\"async\" width=\"2560\" height=\"1707\" src=\"https:\/\/stadttauben-bochum.de\/wp-content\/uploads\/2022\/07\/Kalender_01-scaled.jpg\" alt=\"Stadttauben_Bochum_01\" class=\"wp-image-665\" srcset=\"https:\/\/stadttauben-bochum.de\/wp-content\/uploads\/2022\/07\/Kalender_01-scaled.jpg 2560w, https:\/\/stadttauben-bochum.de\/wp-content\/uploads\/2022\/07\/Kalender_01-300x200.jpg 300w, https:\/\/stadttauben-bochum.de\/wp-content\/uploads\/2022\/07\/Kalender_01-700x467.jpg 700w, https:\/\/stadttauben-bochum.de\/wp-content\/uploads\/2022\/07\/Kalender_01-768x512.jpg 768w, https:\/\/stadttauben-bochum.de\/wp-content\/uploads\/2022\/07\/Kalender_01-1536x1024.jpg 1536w, https:\/\/stadttauben-bochum.de\/wp-content\/uploads\/2022\/07\/Kalender_01-2048x1365.jpg 2048w, https:\/\/stadttauben-bochum.de\/wp-content\/uploads\/2022\/07\/Kalender_01-800x533.jpg 800w\" sizes=\"(max-width: 2560px) 100vw, 2560px\" \/><\/a><\/figure>\n\n\n\n<figure class=\"wp-block-image size-large\"><a href=\"https:\/\/stadttauben-bochum.de\/wp-content\/uploads\/2022\/07\/Kalender_02-scaled.jpg\"><img decoding=\"async\" width=\"2560\" height=\"1707\" src=\"https:\/\/stadttauben-bochum.de\/wp-content\/uploads\/2022\/07\/Kalender_02-scaled.jpg\" alt=\"Stadttauben_Bochum_02\" class=\"wp-image-666\" srcset=\"https:\/\/stadttauben-bochum.de\/wp-content\/uploads\/2022\/07\/Kalender_02-scaled.jpg 2560w, https:\/\/stadttauben-bochum.de\/wp-content\/uploads\/2022\/07\/Kalender_02-300x200.jpg 300w, https:\/\/stadttauben-bochum.de\/wp-content\/uploads\/2022\/07\/Kalender_02-700x467.jpg 700w, https:\/\/stadttauben-bochum.de\/wp-content\/uploads\/2022\/07\/Kalender_02-768x512.jpg 768w, https:\/\/stadttauben-bochum.de\/wp-content\/uploads\/2022\/07\/Kalender_02-1536x1024.jpg 1536w, https:\/\/stadttauben-bochum.de\/wp-content\/uploads\/2022\/07\/Kalender_02-2048x1365.jpg 2048w, https:\/\/stadttauben-bochum.de\/wp-content\/uploads\/2022\/07\/Kalender_02-800x533.jpg 800w\" sizes=\"(max-width: 2560px) 100vw, 2560px\" \/><\/a><\/figure>\n\n\n\n<figure class=\"wp-block-image size-large\"><a href=\"https:\/\/stadttauben-bochum.de\/wp-content\/uploads\/2022\/07\/Kalender_03-scaled.jpg\"><img decoding=\"async\" width=\"2560\" height=\"1707\" src=\"https:\/\/stadttauben-bochum.de\/wp-content\/uploads\/2022\/07\/Kalender_03-scaled.jpg\" alt=\"Stadttauben_Bochum_03\" class=\"wp-image-667\" srcset=\"https:\/\/stadttauben-bochum.de\/wp-content\/uploads\/2022\/07\/Kalender_03-scaled.jpg 2560w, https:\/\/stadttauben-bochum.de\/wp-content\/uploads\/2022\/07\/Kalender_03-300x200.jpg 300w, https:\/\/stadttauben-bochum.de\/wp-content\/uploads\/2022\/07\/Kalender_03-700x467.jpg 700w, https:\/\/stadttauben-bochum.de\/wp-content\/uploads\/2022\/07\/Kalender_03-768x512.jpg 768w, https:\/\/stadttauben-bochum.de\/wp-content\/uploads\/2022\/07\/Kalender_03-1536x1024.jpg 1536w, https:\/\/stadttauben-bochum.de\/wp-content\/uploads\/2022\/07\/Kalender_03-2048x1365.jpg 2048w, https:\/\/stadttauben-bochum.de\/wp-content\/uploads\/2022\/07\/Kalender_03-800x533.jpg 800w\" sizes=\"(max-width: 2560px) 100vw, 2560px\" \/><\/a><\/figure>\n\n\n\n<figure class=\"wp-block-image size-large\"><a href=\"https:\/\/stadttauben-bochum.de\/wp-content\/uploads\/2022\/07\/Kalender_04-scaled.jpg\"><img loading=\"lazy\" decoding=\"async\" width=\"2560\" height=\"1707\" src=\"https:\/\/stadttauben-bochum.de\/wp-content\/uploads\/2022\/07\/Kalender_04-scaled.jpg\" alt=\"Stadttauben_Bochum_04\" class=\"wp-image-668\" srcset=\"https:\/\/stadttauben-bochum.de\/wp-content\/uploads\/2022\/07\/Kalender_04-scaled.jpg 2560w, https:\/\/stadttauben-bochum.de\/wp-content\/uploads\/2022\/07\/Kalender_04-300x200.jpg 300w, https:\/\/stadttauben-bochum.de\/wp-content\/uploads\/2022\/07\/Kalender_04-700x467.jpg 700w, https:\/\/stadttauben-bochum.de\/wp-content\/uploads\/2022\/07\/Kalender_04-768x512.jpg 768w, https:\/\/stadttauben-bochum.de\/wp-content\/uploads\/2022\/07\/Kalender_04-1536x1024.jpg 1536w, https:\/\/stadttauben-bochum.de\/wp-content\/uploads\/2022\/07\/Kalender_04-2048x1365.jpg 2048w, https:\/\/stadttauben-bochum.de\/wp-content\/uploads\/2022\/07\/Kalender_04-800x533.jpg 800w\" sizes=\"(max-width: 2560px) 100vw, 2560px\" \/><\/a><\/figure>\n\n\n\n<figure class=\"wp-block-image size-large\"><a href=\"https:\/\/stadttauben-bochum.de\/wp-content\/uploads\/2022\/07\/Kalender_05-scaled.jpg\"><img loading=\"lazy\" decoding=\"async\" width=\"2560\" height=\"1707\" src=\"https:\/\/stadttauben-bochum.de\/wp-content\/uploads\/2022\/07\/Kalender_05-scaled.jpg\" alt=\"Stadttauben_Bochum_05\" class=\"wp-image-669\" srcset=\"https:\/\/stadttauben-bochum.de\/wp-content\/uploads\/2022\/07\/Kalender_05-scaled.jpg 2560w, https:\/\/stadttauben-bochum.de\/wp-content\/uploads\/2022\/07\/Kalender_05-300x200.jpg 300w, https:\/\/stadttauben-bochum.de\/wp-content\/uploads\/2022\/07\/Kalender_05-700x467.jpg 700w, https:\/\/stadttauben-bochum.de\/wp-content\/uploads\/2022\/07\/Kalender_05-768x512.jpg 768w, https:\/\/stadttauben-bochum.de\/wp-content\/uploads\/2022\/07\/Kalender_05-1536x1024.jpg 1536w, https:\/\/stadttauben-bochum.de\/wp-content\/uploads\/2022\/07\/Kalender_05-2048x1365.jpg 2048w, https:\/\/stadttauben-bochum.de\/wp-content\/uploads\/2022\/07\/Kalender_05-800x533.jpg 800w\" sizes=\"(max-width: 2560px) 100vw, 2560px\" \/><\/a><\/figure>\n\n\n\n<figure class=\"wp-block-image size-large\"><a href=\"https:\/\/stadttauben-bochum.de\/wp-content\/uploads\/2022\/07\/Kalender_06-scaled.jpg\"><img loading=\"lazy\" decoding=\"async\" width=\"2560\" height=\"1707\" src=\"https:\/\/stadttauben-bochum.de\/wp-content\/uploads\/2022\/07\/Kalender_06-scaled.jpg\" alt=\"Stadttauben_Bochum_06\" class=\"wp-image-670\" srcset=\"https:\/\/stadttauben-bochum.de\/wp-content\/uploads\/2022\/07\/Kalender_06-scaled.jpg 2560w, https:\/\/stadttauben-bochum.de\/wp-content\/uploads\/2022\/07\/Kalender_06-300x200.jpg 300w, https:\/\/stadttauben-bochum.de\/wp-content\/uploads\/2022\/07\/Kalender_06-700x467.jpg 700w, https:\/\/stadttauben-bochum.de\/wp-content\/uploads\/2022\/07\/Kalender_06-768x512.jpg 768w, https:\/\/stadttauben-bochum.de\/wp-content\/uploads\/2022\/07\/Kalender_06-1536x1024.jpg 1536w, https:\/\/stadttauben-bochum.de\/wp-content\/uploads\/2022\/07\/Kalender_06-2048x1365.jpg 2048w, https:\/\/stadttauben-bochum.de\/wp-content\/uploads\/2022\/07\/Kalender_06-800x533.jpg 800w\" sizes=\"(max-width: 2560px) 100vw, 2560px\" \/><\/a><\/figure>\n\n\n\n<figure class=\"wp-block-image size-large\"><a href=\"https:\/\/stadttauben-bochum.de\/wp-content\/uploads\/2022\/07\/Kalender_07-scaled.jpg\"><img loading=\"lazy\" decoding=\"async\" width=\"2560\" height=\"1707\" src=\"https:\/\/stadttauben-bochum.de\/wp-content\/uploads\/2022\/07\/Kalender_07-scaled.jpg\" alt=\"Stadttauben_Bochum_07\" class=\"wp-image-671\" srcset=\"https:\/\/stadttauben-bochum.de\/wp-content\/uploads\/2022\/07\/Kalender_07-scaled.jpg 2560w, https:\/\/stadttauben-bochum.de\/wp-content\/uploads\/2022\/07\/Kalender_07-300x200.jpg 300w, https:\/\/stadttauben-bochum.de\/wp-content\/uploads\/2022\/07\/Kalender_07-700x467.jpg 700w, https:\/\/stadttauben-bochum.de\/wp-content\/uploads\/2022\/07\/Kalender_07-768x512.jpg 768w, https:\/\/stadttauben-bochum.de\/wp-content\/uploads\/2022\/07\/Kalender_07-1536x1024.jpg 1536w, https:\/\/stadttauben-bochum.de\/wp-content\/uploads\/2022\/07\/Kalender_07-2048x1365.jpg 2048w, https:\/\/stadttauben-bochum.de\/wp-content\/uploads\/2022\/07\/Kalender_07-800x533.jpg 800w\" sizes=\"(max-width: 2560px) 100vw, 2560px\" \/><\/a><\/figure>\n\n\n\n<figure class=\"wp-block-image size-large\"><a href=\"https:\/\/stadttauben-bochum.de\/wp-content\/uploads\/2022\/07\/Kalender_08-scaled.jpg\"><img loading=\"lazy\" decoding=\"async\" width=\"2560\" height=\"1707\" src=\"https:\/\/stadttauben-bochum.de\/wp-content\/uploads\/2022\/07\/Kalender_08-scaled.jpg\" alt=\"Stadttauben_Bochum_08\" class=\"wp-image-672\" srcset=\"https:\/\/stadttauben-bochum.de\/wp-content\/uploads\/2022\/07\/Kalender_08-scaled.jpg 2560w, https:\/\/stadttauben-bochum.de\/wp-content\/uploads\/2022\/07\/Kalender_08-300x200.jpg 300w, https:\/\/stadttauben-bochum.de\/wp-content\/uploads\/2022\/07\/Kalender_08-700x467.jpg 700w, https:\/\/stadttauben-bochum.de\/wp-content\/uploads\/2022\/07\/Kalender_08-768x512.jpg 768w, https:\/\/stadttauben-bochum.de\/wp-content\/uploads\/2022\/07\/Kalender_08-1536x1024.jpg 1536w, https:\/\/stadttauben-bochum.de\/wp-content\/uploads\/2022\/07\/Kalender_08-2048x1365.jpg 2048w, https:\/\/stadttauben-bochum.de\/wp-content\/uploads\/2022\/07\/Kalender_08-800x533.jpg 800w\" sizes=\"(max-width: 2560px) 100vw, 2560px\" \/><\/a><\/figure>\n\n\n\n<figure class=\"wp-block-image size-large\"><a href=\"https:\/\/stadttauben-bochum.de\/wp-content\/uploads\/2022\/07\/Kalender_09-scaled.jpg\"><img loading=\"lazy\" decoding=\"async\" width=\"2560\" height=\"1707\" src=\"https:\/\/stadttauben-bochum.de\/wp-content\/uploads\/2022\/07\/Kalender_09-scaled.jpg\" alt=\"Stadttauben_Bochum_09\" class=\"wp-image-673\" srcset=\"https:\/\/stadttauben-bochum.de\/wp-content\/uploads\/2022\/07\/Kalender_09-scaled.jpg 2560w, https:\/\/stadttauben-bochum.de\/wp-content\/uploads\/2022\/07\/Kalender_09-300x200.jpg 300w, https:\/\/stadttauben-bochum.de\/wp-content\/uploads\/2022\/07\/Kalender_09-700x467.jpg 700w, https:\/\/stadttauben-bochum.de\/wp-content\/uploads\/2022\/07\/Kalender_09-768x512.jpg 768w, https:\/\/stadttauben-bochum.de\/wp-content\/uploads\/2022\/07\/Kalender_09-1536x1024.jpg 1536w, https:\/\/stadttauben-bochum.de\/wp-content\/uploads\/2022\/07\/Kalender_09-2048x1365.jpg 2048w, https:\/\/stadttauben-bochum.de\/wp-content\/uploads\/2022\/07\/Kalender_09-800x533.jpg 800w\" sizes=\"(max-width: 2560px) 100vw, 2560px\" \/><\/a><\/figure>\n\n\n\n<figure class=\"wp-block-image size-large\"><a href=\"https:\/\/stadttauben-bochum.de\/wp-content\/uploads\/2022\/07\/Kalender_10-scaled.jpg\"><img loading=\"lazy\" decoding=\"async\" width=\"2560\" height=\"1707\" src=\"https:\/\/stadttauben-bochum.de\/wp-content\/uploads\/2022\/07\/Kalender_10-scaled.jpg\" alt=\"Stadttauben_Bochum_10\" class=\"wp-image-674\" srcset=\"https:\/\/stadttauben-bochum.de\/wp-content\/uploads\/2022\/07\/Kalender_10-scaled.jpg 2560w, https:\/\/stadttauben-bochum.de\/wp-content\/uploads\/2022\/07\/Kalender_10-300x200.jpg 300w, https:\/\/stadttauben-bochum.de\/wp-content\/uploads\/2022\/07\/Kalender_10-700x467.jpg 700w, https:\/\/stadttauben-bochum.de\/wp-content\/uploads\/2022\/07\/Kalender_10-768x512.jpg 768w, https:\/\/stadttauben-bochum.de\/wp-content\/uploads\/2022\/07\/Kalender_10-1536x1024.jpg 1536w, https:\/\/stadttauben-bochum.de\/wp-content\/uploads\/2022\/07\/Kalender_10-2048x1365.jpg 2048w, https:\/\/stadttauben-bochum.de\/wp-content\/uploads\/2022\/07\/Kalender_10-800x533.jpg 800w\" sizes=\"(max-width: 2560px) 100vw, 2560px\" \/><\/a><\/figure>\n\n\n\n<figure class=\"wp-block-image size-large\"><a href=\"https:\/\/stadttauben-bochum.de\/wp-content\/uploads\/2022\/07\/Kalender_11-scaled.jpg\"><img loading=\"lazy\" decoding=\"async\" width=\"2560\" height=\"1707\" src=\"https:\/\/stadttauben-bochum.de\/wp-content\/uploads\/2022\/07\/Kalender_11-scaled.jpg\" alt=\"Stadttauben_Bochum_11\" class=\"wp-image-675\" srcset=\"https:\/\/stadttauben-bochum.de\/wp-content\/uploads\/2022\/07\/Kalender_11-scaled.jpg 2560w, https:\/\/stadttauben-bochum.de\/wp-content\/uploads\/2022\/07\/Kalender_11-300x200.jpg 300w, https:\/\/stadttauben-bochum.de\/wp-content\/uploads\/2022\/07\/Kalender_11-700x467.jpg 700w, https:\/\/stadttauben-bochum.de\/wp-content\/uploads\/2022\/07\/Kalender_11-768x512.jpg 768w, https:\/\/stadttauben-bochum.de\/wp-content\/uploads\/2022\/07\/Kalender_11-1536x1024.jpg 1536w, https:\/\/stadttauben-bochum.de\/wp-content\/uploads\/2022\/07\/Kalender_11-2048x1365.jpg 2048w, https:\/\/stadttauben-bochum.de\/wp-content\/uploads\/2022\/07\/Kalender_11-800x533.jpg 800w\" sizes=\"(max-width: 2560px) 100vw, 2560px\" \/><\/a><\/figure>\n\n\n\n<hr class=\"wp-block-separator has-alpha-channel-opacity\"\/>\n\n\n\n<hr class=\"wp-block-separator has-alpha-channel-opacity\"\/>\n\n\n\n<p><\/p>\n","protected":false},"excerpt":{"rendered":"<p>Hier findest du eine Auswahl an Bildern und Videos. Gerne darfst du sie mit einem Verweis auf unseren Verein nicht kommerziell benutzen und teilen. M\u00f6chtest du die Bilder ver\u00e4ndern, kontaktiere&#8230;<\/p>\n","protected":false},"author":3,"featured_media":0,"parent":0,"menu_order":5,"comment_status":"closed","ping_status":"closed","template":"","meta":{"_uag_custom_page_level_css":"","footnotes":""},"class_list":["post-664","page","type-page","status-publish","hentry"],"uagb_featured_image_src":{"full":false,"thumbnail":false,"medium":false,"medium_large":false,"large":false,"1536x1536":false,"2048x2048":false,"post-thumbnail":false,"graphy-post-thumbnail-large":false,"graphy-post-thumbnail-medium":false,"graphy-post-thumbnail-small":false,"graphy-page-thumbnail":false},"uagb_author_info":{"display_name":"Stadttaube","author_link":"https:\/\/stadttauben-bochum.de\/?author=3"},"uagb_comment_info":0,"uagb_excerpt":"Hier findest du eine Auswahl an Bildern und Videos. Gerne darfst du sie mit einem Verweis auf unseren Verein nicht kommerziell benutzen und teilen. M\u00f6chtest du die Bilder ver\u00e4ndern, kontaktiere...","_links":{"self":[{"href":"https:\/\/stadttauben-bochum.de\/index.php?rest_route=\/wp\/v2\/pages\/664","targetHints":{"allow":["GET"]}}],"collection":[{"href":"https:\/\/stadttauben-bochum.de\/index.php?rest_route=\/wp\/v2\/pages"}],"about":[{"href":"https:\/\/stadttauben-bochum.de\/index.php?rest_route=\/wp\/v2\/types\/page"}],"author":[{"embeddable":true,"href":"https:\/\/stadttauben-bochum.de\/index.php?rest_route=\/wp\/v2\/users\/3"}],"replies":[{"embeddable":true,"href":"https:\/\/stadttauben-bochum.de\/index.php?rest_route=%2Fwp%2Fv2%2Fcomments&post=664"}],"version-history":[{"count":10,"href":"https:\/\/stadttauben-bochum.de\/index.php?rest_route=\/wp\/v2\/pages\/664\/revisions"}],"predecessor-version":[{"id":1323,"href":"https:\/\/stadttauben-bochum.de\/index.php?rest_route=\/wp\/v2\/pages\/664\/revisions\/1323"}],"wp:attachment":[{"href":"https:\/\/stadttauben-bochum.de\/index.php?rest_route=%2Fwp%2Fv2%2Fmedia&parent=664"}],"curies":[{"name":"wp","href":"https:\/\/api.w.org\/{rel}","templated":true}]}}