{"id":658,"date":"2022-07-14T09:47:26","date_gmt":"2022-07-14T07:47:26","guid":{"rendered":"http:\/\/stadttauben-bochum.de\/?page_id=658"},"modified":"2025-04-18T08:42:49","modified_gmt":"2025-04-18T06:42:49","slug":"ueber-uns","status":"publish","type":"page","link":"https:\/\/stadttauben-bochum.de\/?page_id=658","title":{"rendered":"\u00dcber uns"},"content":{"rendered":"\n<p><\/p>\n\n\n\n<p><\/p>\n\n\n\n<p><\/p>\n\n\n\n<p class=\"has-text-align-center\"><br>Am 17. April 2017 haben wir den Verein <strong>Stadttauben Bochum e.V.<\/strong> gegr\u00fcndet.<br>Wir m\u00f6chten die Lebenssituation von Bochums Stadttauben verbessern, und setzen uns f\u00fcr eine tierschutzgerechte Verhinderung von Vermehrung und artgerechter Populationskontrolle ein.<br>Als eingetragener Verein, sind wir der Gemeinn\u00fctzigkeit verbunden, weitere Infos und die Bedeutung findet ihr in unserer<br><a href=\"https:\/\/stadttauben-bochum.de\/wp-content\/uploads\/2020\/08\/Satzung_stadttauben_191205-1.pdf\">Satzung<\/a><\/p>\n\n\n\n<p class=\"has-text-align-center\"><br><strong>Unsere Vereinsarbeit umfasst: <\/strong><br><\/p>\n\n\n\n<div class=\"wp-block-group is-vertical is-layout-flex wp-container-core-group-is-layout-8cf370e7 wp-block-group-is-layout-flex\">\n<ul class=\"wp-block-list\">\n<li>Das Betreiben von mehreren Handicap Volieren, und Freiflugschl\u00e4gen<\/li>\n<\/ul>\n\n\n\n<ul class=\"wp-block-list\">\n<li>Sichern, pflegen und Auswildern von verletzten Tauben<\/li>\n<\/ul>\n\n\n\n<ul class=\"wp-block-list\">\n<li>Eiertausch an Brutpl\u00e4tzen in Bochum, Hattingen und Herne <\/li>\n\n\n\n<li>Begleitung von Bauma\u00dfnahmen und Vergr\u00e4mungen<\/li>\n\n\n\n<li>Aufkl\u00e4rung von Beh\u00f6rden und Interessierten<\/li>\n\n\n\n<li>\u00d6ffentlichkeitsarbeit<\/li>\n<\/ul>\n<\/div>\n\n\n\n<ul class=\"wp-block-list\"><\/ul>\n\n\n\n<p class=\"has-text-align-center\"><strong>Ziel<\/strong><br>Unser Hauptziel ist es Taubenh\u00e4user in Bochum zu errichten. Nur in diesen ist es m\u00f6glich dauerhaft und nachhaltig die Taubenpopulation zu verringern. <\/p>\n\n\n\n<p><\/p>\n","protected":false},"excerpt":{"rendered":"<p>Am 17. April 2017 haben wir den Verein Stadttauben Bochum e.V. gegr\u00fcndet.Wir m\u00f6chten die Lebenssituation von Bochums Stadttauben verbessern, und setzen uns f\u00fcr eine tierschutzgerechte Verhinderung von Vermehrung und artgerechter&#8230;<\/p>\n","protected":false},"author":3,"featured_media":0,"parent":0,"menu_order":3,"comment_status":"closed","ping_status":"closed","template":"","meta":{"_uag_custom_page_level_css":"","footnotes":""},"class_list":["post-658","page","type-page","status-publish","hentry"],"uagb_featured_image_src":{"full":false,"thumbnail":false,"medium":false,"medium_large":false,"large":false,"1536x1536":false,"2048x2048":false,"post-thumbnail":false,"graphy-post-thumbnail-large":false,"graphy-post-thumbnail-medium":false,"graphy-post-thumbnail-small":false,"graphy-page-thumbnail":false},"uagb_author_info":{"display_name":"Stadttaube","author_link":"https:\/\/stadttauben-bochum.de\/?author=3"},"uagb_comment_info":0,"uagb_excerpt":"Am 17. April 2017 haben wir den Verein Stadttauben Bochum e.V. gegr\u00fcndet.Wir m\u00f6chten die Lebenssituation von Bochums Stadttauben verbessern, und setzen uns f\u00fcr eine tierschutzgerechte Verhinderung von Vermehrung und artgerechter...","_links":{"self":[{"href":"https:\/\/stadttauben-bochum.de\/index.php?rest_route=\/wp\/v2\/pages\/658","targetHints":{"allow":["GET"]}}],"collection":[{"href":"https:\/\/stadttauben-bochum.de\/index.php?rest_route=\/wp\/v2\/pages"}],"about":[{"href":"https:\/\/stadttauben-bochum.de\/index.php?rest_route=\/wp\/v2\/types\/page"}],"author":[{"embeddable":true,"href":"https:\/\/stadttauben-bochum.de\/index.php?rest_route=\/wp\/v2\/users\/3"}],"replies":[{"embeddable":true,"href":"https:\/\/stadttauben-bochum.de\/index.php?rest_route=%2Fwp%2Fv2%2Fcomments&post=658"}],"version-history":[{"count":17,"href":"https:\/\/stadttauben-bochum.de\/index.php?rest_route=\/wp\/v2\/pages\/658\/revisions"}],"predecessor-version":[{"id":1222,"href":"https:\/\/stadttauben-bochum.de\/index.php?rest_route=\/wp\/v2\/pages\/658\/revisions\/1222"}],"wp:attachment":[{"href":"https:\/\/stadttauben-bochum.de\/index.php?rest_route=%2Fwp%2Fv2%2Fmedia&parent=658"}],"curies":[{"name":"wp","href":"https:\/\/api.w.org\/{rel}","templated":true}]}}