{"id":1393,"date":"2025-08-19T19:14:22","date_gmt":"2025-08-19T17:14:22","guid":{"rendered":"https:\/\/stadttauben-bochum.de\/?page_id=1393"},"modified":"2025-08-19T21:48:17","modified_gmt":"2025-08-19T19:48:17","slug":"kontaktanfrage","status":"publish","type":"page","link":"https:\/\/stadttauben-bochum.de\/?page_id=1393","title":{"rendered":"Kontaktanfrage"},"content":{"rendered":"\t\t<div data-elementor-type=\"wp-page\" data-elementor-id=\"1393\" class=\"elementor elementor-1393\">\n\t\t\t\t<div class=\"elementor-element elementor-element-7fb9ab4e e-flex e-con-boxed e-con e-parent\" data-id=\"7fb9ab4e\" data-element_type=\"container\" data-e-type=\"container\">\n\t\t\t\t\t<div class=\"e-con-inner\">\n\t\t\t\t<div class=\"elementor-element elementor-element-6b4325b6 elementor-widget elementor-widget-text-editor\" data-id=\"6b4325b6\" data-element_type=\"widget\" data-e-type=\"widget\" data-widget_type=\"text-editor.default\">\n\t\t\t\t\t\t\t\t\t\n\n        <div class=\"hf-form-tempate\">\n            <form enctype=\"multipart\/form-data\" method=\"post\" class=\"hashform-form hf-form-default-style\" id=\"hf-form-id-wzwyjl\" novalidate>\n                \n<div class=\"hf-form-preview\" id=\"hf-container-1\">\n        <div class=\"hf-container\">\n        <input type=\"hidden\" name=\"hashform_action\" value=\"create\" \/>\n        <input type=\"hidden\" name=\"form_id\" value=\"1\" \/>\n        <input type=\"hidden\" name=\"form_key\" value=\"wzwyjl\" \/>\n        <input type=\"hidden\" class=\"hashform-form-conditions\" value=\"[]\" \/>\n        <input type=\"hidden\" id=\"hashform_submit_entry_1\" name=\"hashform_submit_entry_1\" value=\"7922b4ee5a\" \/><input type=\"hidden\" name=\"_wp_http_referer\" value=\"\/index.php?rest_route=%2Fwp%2Fv2%2Fpages%2F1393\" \/>        <div id=\"hf-field-container-5\" class=\"hashform-field-type-paragraph hf-text-alignment-left hf-field-alignment-left hf-form-field\">\n            \n        <div class=\"hf-field-container\" style=\"\">\n                        <div class=\"hf-field-content\">\n                        <div class=\"hf-paragraph-field\" id=\"hf-field-5\">\n            Sch\u00f6n dass Du da bist und Dich f\u00fcr die Arbeit der Stadttauben Bochum e.V. interessierst. Vielen Dank f\u00fcr deine Kontaktaufnahme.        <\/div>\n                    <\/div>\n        <\/div>\n                <\/div>\n                <div id=\"hf-field-container-1\" class=\"hashform-field-type-name hf-label-position-top hf-label-alignment-left hf-form-field\">\n            \n        <div class=\"hf-field-container\" style=\"\">\n                            <label class=\"hf-field-label \">\n                    Name                                    <\/label>\n                        <div class=\"hf-field-content\">\n                \n        <div class=\"hf-grouped-field\" id=\"hf-grouped-field-1\" data-name-layout=\"first_last\">\n            \n                <div id=\"hf-subfield-container-first-1\" class=\"hf-subfield-element hf-subfield-element-first\" data-sub-field-name=\"first\">\n                    <input type=\"text\" id=\"hf-field-yy64ml-first\" value=\"\" name=\"item_meta[1][first]\" placeholder=\"Vorname\">\n                                    <\/div>\n                \n                <div id=\"hf-subfield-container-last-1\" class=\"hf-subfield-element hf-subfield-element-last\" data-sub-field-name=\"last\">\n                    <input type=\"text\" id=\"hf-field-yy64ml-last\" value=\"\" name=\"item_meta[1][last]\" placeholder=\"Nachname\">\n                                    <\/div>\n                        <\/div>\n                    <\/div>\n        <\/div>\n                <\/div>\n                <div id=\"hf-field-container-2\" class=\"hf-form-field-required hashform-field-type-email hf-label-position-top hf-label-alignment-left hf-form-field\">\n            \n        <div class=\"hf-field-container\" style=\"\">\n                            <label class=\"hf-field-label \">\n                    Email                                            <span class=\"hf-field-required\" aria-hidden=\"true\">\n                            *                        <\/span>\n                                    <\/label>\n                        <div class=\"hf-field-content\">\n                        <input type=\"email\" id=\"hf-field-2t2ymv\" value=\"\" name=\"item_meta[2]\" placeholder=\"Deine E-Mail Adresse, damit wir Dir antworten k\u00f6nnen.\" \/>\n                    <\/div>\n        <\/div>\n                <\/div>\n                <div id=\"hf-field-container-23\" class=\"hashform-field-type-textarea hf-label-position-top hf-label-alignment-left hf-form-field\">\n            \n        <div class=\"hf-field-container\" style=\"\">\n                            <label class=\"hf-field-label \">\n                    Wie k\u00f6nnen wir dir helfen?                                    <\/label>\n                        <div class=\"hf-field-content\">\n                        <textarea id=\"hf-field-auccy3\" name=\"item_meta[23]\" placeholder=\"Schildere worum es geht.\" rows=\"10\"><\/textarea>\n                    <\/div>\n        <\/div>\n                <\/div>\n                <div class=\"hf-submit-wrap hf-submit-btn-align-stretch\">\n            <button class=\"hf-submit-button \" type=\"submit\" >\n                Absenden            <\/button>\n        <\/div>\n    <\/div>\n    <style class=\"hf-style-content\">#hf-container-1{--hf-desc-typo-font-family : inherit;--hf-desc-typo-font-weight : inherit;--hf-desc-typo-font-style : inherit;--hf-desc-typo-text-transform : inherit;--hf-desc-typo-text-decoration : inherit;--hf-label-typo-font-family : inherit;--hf-label-typo-font-weight : inherit;--hf-label-typo-font-style : inherit;--hf-label-typo-text-transform : inherit;--hf-label-typo-text-decoration : inherit;--hf-validation-typo-font-family : inherit;--hf-validation-typo-font-weight : inherit;--hf-validation-typo-font-style : inherit;--hf-validation-typo-text-transform : inherit;--hf-validation-typo-text-decoration : inherit;--hf-form-title-typo-font-family : inherit;--hf-form-title-typo-font-weight : inherit;--hf-form-title-typo-font-style : inherit;--hf-form-title-typo-text-transform : inherit;--hf-form-title-typo-text-decoration : inherit;--hf-form-desc-typo-font-family : inherit;--hf-form-desc-typo-font-weight : inherit;--hf-form-desc-typo-font-style : inherit;--hf-form-desc-typo-text-transform : inherit;--hf-form-desc-typo-text-decoration : inherit;--hf-heading-typo-font-family : inherit;--hf-heading-typo-font-weight : inherit;--hf-heading-typo-font-style : inherit;--hf-heading-typo-text-transform : inherit;--hf-heading-typo-text-decoration : inherit;--hf-paragraph-typo-font-family : inherit;--hf-paragraph-typo-font-weight : inherit;--hf-paragraph-typo-font-style : inherit;--hf-paragraph-typo-text-transform : inherit;--hf-paragraph-typo-text-decoration : inherit;--hf-field-typo-font-family : inherit;--hf-field-typo-font-weight : inherit;--hf-field-typo-font-style : inherit;--hf-field-typo-text-transform : inherit;--hf-field-typo-text-decoration : inherit;--hf-button-typo-font-family : inherit;--hf-button-typo-font-weight : inherit;--hf-button-typo-font-style : inherit;--hf-button-typo-text-transform : inherit;--hf-button-typo-text-decoration : inherit;--hf-typo-label-font-family : Default;--hf-typo-label-font-weight : 0;--hf-typo-label-font-style : normal;--hf-typo-label-text-transform : inherit;--hf-typo-label-text-decoration : inherit;--hf-typo-desc-font-family : Default;--hf-typo-desc-font-weight : 0;--hf-typo-desc-font-style : normal;--hf-typo-desc-text-transform : inherit;--hf-typo-desc-text-decoration : inherit;--hf-typo-validation-font-family : Default;--hf-typo-validation-font-weight : 0;--hf-typo-validation-font-style : normal;--hf-typo-validation-text-transform : inherit;--hf-typo-validation-text-decoration : inherit;--hf-typo-field-font-family : Default;--hf-typo-field-font-weight : 0;--hf-typo-field-font-style : normal;--hf-typo-field-text-transform : inherit;--hf-typo-field-text-decoration : inherit;--hf-typo-button-font-family : Default;--hf-typo-button-font-weight : 0;--hf-typo-button-font-style : normal;--hf-typo-button-text-transform : inherit;--hf-typo-button-text-decoration : inherit;}<\/style><\/div>            <\/form>\n        <\/div>\n        \n\n\n\n<p><\/p>\n\n\n\n<p><\/p>\n\t\t\t\t\t\t\t\t<\/div>\n\t\t\t\t\t<\/div>\n\t\t\t\t<\/div>\n\t\t\t\t<\/div>\n\t\t","protected":false},"excerpt":{"rendered":"","protected":false},"author":3,"featured_media":0,"parent":0,"menu_order":0,"comment_status":"closed","ping_status":"closed","template":"","meta":{"_uag_custom_page_level_css":"","footnotes":""},"class_list":["post-1393","page","type-page","status-publish","hentry"],"uagb_featured_image_src":{"full":false,"thumbnail":false,"medium":false,"medium_large":false,"large":false,"1536x1536":false,"2048x2048":false,"post-thumbnail":false,"graphy-post-thumbnail-large":false,"graphy-post-thumbnail-medium":false,"graphy-post-thumbnail-small":false,"graphy-page-thumbnail":false},"uagb_author_info":{"display_name":"Stadttaube","author_link":"https:\/\/stadttauben-bochum.de\/?author=3"},"uagb_comment_info":0,"uagb_excerpt":null,"_links":{"self":[{"href":"https:\/\/stadttauben-bochum.de\/index.php?rest_route=\/wp\/v2\/pages\/1393","targetHints":{"allow":["GET"]}}],"collection":[{"href":"https:\/\/stadttauben-bochum.de\/index.php?rest_route=\/wp\/v2\/pages"}],"about":[{"href":"https:\/\/stadttauben-bochum.de\/index.php?rest_route=\/wp\/v2\/types\/page"}],"author":[{"embeddable":true,"href":"https:\/\/stadttauben-bochum.de\/index.php?rest_route=\/wp\/v2\/users\/3"}],"replies":[{"embeddable":true,"href":"https:\/\/stadttauben-bochum.de\/index.php?rest_route=%2Fwp%2Fv2%2Fcomments&post=1393"}],"version-history":[{"count":4,"href":"https:\/\/stadttauben-bochum.de\/index.php?rest_route=\/wp\/v2\/pages\/1393\/revisions"}],"predecessor-version":[{"id":1425,"href":"https:\/\/stadttauben-bochum.de\/index.php?rest_route=\/wp\/v2\/pages\/1393\/revisions\/1425"}],"wp:attachment":[{"href":"https:\/\/stadttauben-bochum.de\/index.php?rest_route=%2Fwp%2Fv2%2Fmedia&parent=1393"}],"curies":[{"name":"wp","href":"https:\/\/api.w.org\/{rel}","templated":true}]}}