{"id":1234,"date":"2025-04-18T12:32:05","date_gmt":"2025-04-18T10:32:05","guid":{"rendered":"https:\/\/stadttauben-bochum.de\/?page_id=1234"},"modified":"2025-04-18T12:43:33","modified_gmt":"2025-04-18T10:43:33","slug":"aktiv-werden","status":"publish","type":"page","link":"https:\/\/stadttauben-bochum.de\/?page_id=1234","title":{"rendered":"Aktiv werden"},"content":{"rendered":"\n<p>Wir sind zwar ein in Mitgliederzahlen gewachsener Verein, jedoch gibt es auch immer mehr f\u00fcr uns zu tun.<\/p>\n\n\n\n<p>Derzeit sind wir rund 25 aktive Helfer*innen, die sich in den verschiedensten Bereichen beteiligen, manchmal auch in allen gleichzeitig. Je nachdem wie viel Zeit zur Verf\u00fcgung steht. <\/p>\n\n\n\n<p><\/p>\n\n\n\n<hr class=\"wp-block-separator has-alpha-channel-opacity\"\/>\n\n\n\n<p>Hier findest du eine grobe \u00dcbersicht und Erkl\u00e4rung zu unseren Aufgaben, und wie du aktiv werden kannst.<\/p>\n\n\n\n<p><em>Vorab: in allen Bereich erhalten neue aktive Menschen eine ausf\u00fchrliche Einarbeitung und Begleitung w\u00e4hrend der T\u00e4tigkeiten. Eine Mitgliedschaft im Verein, ist zwar w\u00fcnschenswert, aber in keinem Fall notwendig.<\/em><\/p>\n\n\n\n<hr class=\"wp-block-separator has-alpha-channel-opacity\"\/>\n\n\n\n<h2 class=\"wp-block-heading has-text-align-center\">Taubenversorger*innen<\/h2>\n\n\n\n<p><strong>in unseren Endstellen. <\/strong>Wir haben inzwischen mehrere Standorte, an denen unsere nicht auswilderungsf\u00e4higen Tauben leben. Nicht auswilderungsf\u00e4hig, weil sie auf Grund ihrer Rasse, Handicap oder als Handaufzuchten nicht in der Stadt leben k\u00f6nnen. Der Unterhalt dieser Orte erfordert aktive Menschen, die Spa\u00df am Umgang mit den Tauben haben. Im groben umfasst die Arbeit ca. 1 \u00bd Std. in der Woche, ausf\u00fchrbar nach Absprache mit dem jeweiligen Team. Uhrzeitgebunden insofern, dass bei Sonnenuntergang die Tauben zu ruhen w\u00fcnschen \ud83d\ude09 Die \u201eArbeit\u201c bestehend aus reinigen der Volieren, Austauschen der Eier durch Kunsteier, Bespa\u00dfung in Form von B\u00e4dern und Gabe von frischen Kr\u00e4utern und Gr\u00fcn. Versorgen mit frischem Futter und Wasser.<\/p>\n\n\n\n<div class=\"wp-block-uagb-image uagb-block-dcfc2efb wp-block-uagb-image--layout-default wp-block-uagb-image--effect-static wp-block-uagb-image--align-none\"><figure class=\"wp-block-uagb-image__figure\"><a class=\"\" href=\"https:\/\/stadttauben-bochum.de\/wp-content\/uploads\/2025\/04\/464928378_8579760325411846_1132926089193766267_n.jpg\" target=\"\" rel=\"noopener\"><img loading=\"lazy\" decoding=\"async\" srcset=\"https:\/\/stadttauben-bochum.de\/wp-content\/uploads\/2025\/04\/464928378_8579760325411846_1132926089193766267_n-700x394.jpg ,https:\/\/stadttauben-bochum.de\/wp-content\/uploads\/2025\/04\/464928378_8579760325411846_1132926089193766267_n.jpg 780w, https:\/\/stadttauben-bochum.de\/wp-content\/uploads\/2025\/04\/464928378_8579760325411846_1132926089193766267_n.jpg 360w\" sizes=\"auto, (max-width: 480px) 150px\" src=\"https:\/\/stadttauben-bochum.de\/wp-content\/uploads\/2025\/04\/464928378_8579760325411846_1132926089193766267_n-700x394.jpg\" alt=\"\" class=\"uag-image-1235\" width=\"2048\" height=\"1152\" title=\"464928378_8579760325411846_1132926089193766267_n\" loading=\"lazy\" role=\"img\"\/><\/a><\/figure><\/div>\n\n\n\n<hr class=\"wp-block-separator has-alpha-channel-opacity\"\/>\n\n\n\n<h2 class=\"wp-block-heading has-text-align-center\">P\u00e4ppler*innen<\/h2>\n\n\n\n<p><strong>P\u00e4ppeln und versorgen von verletzten Tauben bei dir daheim:<\/strong> eine Taube bei sich aufzunehmen, ist einfacher als so manche denken. Tauben die heilen m\u00fcssen, m\u00fcssen in den meisten F\u00e4llen bewegungsarm untergebracht werden. So z.B. bei Br\u00fcchen oder Prellungstraumata. Erst nach Genesung werden sie langsam wieder zur Bewegung animiert. <strong>Dies bedeutet, sie nehmen zu dem Zeitpunkt gar nicht viel Platz im Raum ein.<\/strong> \u00a0Auch fallen oft K\u00fcken und Jungtiere aus ihren Nestern, und wir ziehen sie von Hand gro\u00df, was eigentlich besonders Spa\u00df macht. \ud83d\ude42<\/p>\n\n\n\n<p>Unsere P\u00e4ppler*innen erhalten alles, was es ben\u00f6tigt, um Tauben zu pflegen und bei sich zu versorgen, dazu z\u00e4hlen die Ausstattung wie: Unterbringung (Box, oder K\u00e4fig), Lagerungshilfen, Nahrung und Zus\u00e4tze sowie selbstverst\u00e4ndlich eine komplette Kosten\u00fcbernahme jeglicher Tierarzt und Versorgungskosten.<\/p>\n\n\n\n<div class=\"wp-block-uagb-image uagb-block-8ea6ed8f wp-block-uagb-image--layout-default wp-block-uagb-image--effect-static wp-block-uagb-image--align-none\"><figure class=\"wp-block-uagb-image__figure\"><a class=\"\" href=\"https:\/\/stadttauben-bochum.de\/wp-content\/uploads\/2025\/04\/3_edited.jpg\" target=\"\" rel=\"noopener\"><img loading=\"lazy\" decoding=\"async\" srcset=\"https:\/\/stadttauben-bochum.de\/wp-content\/uploads\/2025\/04\/3_edited-700x487.jpg ,https:\/\/stadttauben-bochum.de\/wp-content\/uploads\/2025\/04\/3_edited.jpg 780w, https:\/\/stadttauben-bochum.de\/wp-content\/uploads\/2025\/04\/3_edited.jpg 360w\" sizes=\"auto, (max-width: 480px) 150px\" src=\"https:\/\/stadttauben-bochum.de\/wp-content\/uploads\/2025\/04\/3_edited-700x487.jpg\" alt=\"\" class=\"uag-image-1237\" width=\"1313\" height=\"913\" title=\"Spendenaufruf - 3\" loading=\"lazy\" role=\"img\"\/><\/a><\/figure><\/div>\n\n\n\n<hr class=\"wp-block-separator has-alpha-channel-opacity\"\/>\n\n\n\n<h2 class=\"wp-block-heading has-text-align-center\">Eiertausch Team<\/h2>\n\n\n\n<p>Wir haben mehrere Orte in und um Bochum, an denen es besonders wichtig ist, echtes Taubengelege durch Kunsteier zu ersetzen, in erster Linie zur Verminderung der Population, aber auch weil es oftmals Stellen voller Gefahren sind. Hierzu haben wir ein Video erstellt:<\/p>\n\n\n\n<figure class=\"wp-block-video\"><video height=\"1280\" style=\"aspect-ratio: 720 \/ 1280;\" width=\"720\" controls src=\"https:\/\/stadttauben-bochum.de\/wp-content\/uploads\/2025\/04\/VID_20250402_045521_671-1.mp4\"><\/video><\/figure>\n\n\n\n<hr class=\"wp-block-separator has-alpha-channel-opacity\"\/>\n\n\n\n<h2 class=\"wp-block-heading has-text-align-center\">Kommunikation und Social Media Verwaltung<\/h2>\n\n\n\n<p>Ob t\u00e4gliche Beantwortung der Mails und Nachrichten in den verschiedenen Messengers oder Social-Media-Kan\u00e4len. Das Kommunikationsteam ist der Schnittpunkt zwischen uns, und der virtuellen Welt. Das Posten von Inhalten auf unseren Kan\u00e4len und die Erstellung dieser, nehmen immer mehr Raum und Zeit in Anspruch, wir suchen immer Menschen mit Affinit\u00e4t und Know How.<\/p>\n\n\n\n<div class=\"wp-block-uagb-image uagb-block-845b386b wp-block-uagb-image--layout-default wp-block-uagb-image--effect-static wp-block-uagb-image--align-none\"><figure class=\"wp-block-uagb-image__figure\"><a class=\"\" href=\"https:\/\/stadttauben-bochum.de\/wp-content\/uploads\/2025\/04\/Nathan.jpg\" target=\"\" rel=\"noopener\"><img loading=\"lazy\" decoding=\"async\" srcset=\"https:\/\/stadttauben-bochum.de\/wp-content\/uploads\/2025\/04\/Nathan-700x753.jpg ,https:\/\/stadttauben-bochum.de\/wp-content\/uploads\/2025\/04\/Nathan.jpg 780w, https:\/\/stadttauben-bochum.de\/wp-content\/uploads\/2025\/04\/Nathan.jpg 360w\" sizes=\"auto, (max-width: 480px) 150px\" src=\"https:\/\/stadttauben-bochum.de\/wp-content\/uploads\/2025\/04\/Nathan-700x753.jpg\" alt=\"\" class=\"uag-image-1240\" width=\"1512\" height=\"2016\" title=\"Nathan\" loading=\"lazy\" role=\"img\"\/><\/a><\/figure><\/div>\n\n\n\n<hr class=\"wp-block-separator has-alpha-channel-opacity\"\/>\n\n\n\n<h2 class=\"wp-block-heading has-text-align-center\">Bauhelfer*innen<\/h2>\n\n\n\n<p>Bei so vielen Standorten und Tauben gibt es immer was zu tun, und das alles in Eigenregie, deshalb suchen wir auch immer neue Menschen f\u00fcr unseren Bautrupp, Erfahrung ist nat\u00fcrlich von Vorteil, aber keine Bedingung. Spa\u00df am Werkeln ist einzige Vorrausetzung.<\/p>\n\n\n\n<p>Dies sind nur die wichtigsten der Aufgaben, es gibt aber auch ansonsten immer was zu tun. \ud83d\ude42 Und wir freuen uns sehr, \u00fcber jede neue aktive Person<\/p>\n\n\n\n<div class=\"wp-block-uagb-image uagb-block-80db948b wp-block-uagb-image--layout-default wp-block-uagb-image--effect-static wp-block-uagb-image--align-none\"><figure class=\"wp-block-uagb-image__figure\"><a class=\"\" href=\"https:\/\/stadttauben-bochum.de\/wp-content\/uploads\/2025\/04\/3-1.png\" target=\"\" rel=\"noopener\"><img loading=\"lazy\" decoding=\"async\" srcset=\"https:\/\/stadttauben-bochum.de\/wp-content\/uploads\/2025\/04\/3-1-700x587.png ,https:\/\/stadttauben-bochum.de\/wp-content\/uploads\/2025\/04\/3-1.png 780w, https:\/\/stadttauben-bochum.de\/wp-content\/uploads\/2025\/04\/3-1.png 360w\" sizes=\"auto, (max-width: 480px) 150px\" src=\"https:\/\/stadttauben-bochum.de\/wp-content\/uploads\/2025\/04\/3-1-700x587.png\" alt=\"\" class=\"uag-image-1241\" width=\"940\" height=\"788\" title=\"3\" loading=\"lazy\" role=\"img\"\/><\/a><\/figure><\/div>\n\n\n\n<hr class=\"wp-block-separator has-alpha-channel-opacity\"\/>\n\n\n\n<p><strong>Praktisch<\/strong> <strong>organisieren wir uns \u00fcber unsere Whats App Community, in dieser haben wir zu allen Themengebieten Gruppen erstellt, umso jedem Menschen die M\u00f6glichkeit zu geben, sich an den f\u00fcr ihn\/sie relevanten Interessensgebieten zu beteiligen.<\/strong><\/p>\n\n\n\n<p>Wenn du dabei sein m\u00f6chtest, sende uns bitte eine E-Mail an: info@stadttauben-bochum.de<\/p>\n\n\n\n<hr class=\"wp-block-separator has-alpha-channel-opacity\"\/>\n\n\n\n<p><\/p>\n","protected":false},"excerpt":{"rendered":"<p>Wir sind zwar ein in Mitgliederzahlen gewachsener Verein, jedoch gibt es auch immer mehr f\u00fcr uns zu tun. Derzeit sind wir rund 25 aktive Helfer*innen, die sich in den verschiedensten&#8230;<\/p>\n","protected":false},"author":3,"featured_media":0,"parent":0,"menu_order":0,"comment_status":"closed","ping_status":"closed","template":"","meta":{"_uag_custom_page_level_css":"","footnotes":""},"class_list":["post-1234","page","type-page","status-publish","hentry"],"uagb_featured_image_src":{"full":false,"thumbnail":false,"medium":false,"medium_large":false,"large":false,"1536x1536":false,"2048x2048":false,"post-thumbnail":false,"graphy-post-thumbnail-large":false,"graphy-post-thumbnail-medium":false,"graphy-post-thumbnail-small":false,"graphy-page-thumbnail":false},"uagb_author_info":{"display_name":"Stadttaube","author_link":"https:\/\/stadttauben-bochum.de\/?author=3"},"uagb_comment_info":0,"uagb_excerpt":"Wir sind zwar ein in Mitgliederzahlen gewachsener Verein, jedoch gibt es auch immer mehr f\u00fcr uns zu tun. Derzeit sind wir rund 25 aktive Helfer*innen, die sich in den verschiedensten...","_links":{"self":[{"href":"https:\/\/stadttauben-bochum.de\/index.php?rest_route=\/wp\/v2\/pages\/1234","targetHints":{"allow":["GET"]}}],"collection":[{"href":"https:\/\/stadttauben-bochum.de\/index.php?rest_route=\/wp\/v2\/pages"}],"about":[{"href":"https:\/\/stadttauben-bochum.de\/index.php?rest_route=\/wp\/v2\/types\/page"}],"author":[{"embeddable":true,"href":"https:\/\/stadttauben-bochum.de\/index.php?rest_route=\/wp\/v2\/users\/3"}],"replies":[{"embeddable":true,"href":"https:\/\/stadttauben-bochum.de\/index.php?rest_route=%2Fwp%2Fv2%2Fcomments&post=1234"}],"version-history":[{"count":2,"href":"https:\/\/stadttauben-bochum.de\/index.php?rest_route=\/wp\/v2\/pages\/1234\/revisions"}],"predecessor-version":[{"id":1245,"href":"https:\/\/stadttauben-bochum.de\/index.php?rest_route=\/wp\/v2\/pages\/1234\/revisions\/1245"}],"wp:attachment":[{"href":"https:\/\/stadttauben-bochum.de\/index.php?rest_route=%2Fwp%2Fv2%2Fmedia&parent=1234"}],"curies":[{"name":"wp","href":"https:\/\/api.w.org\/{rel}","templated":true}]}}