{"id":1139,"date":"2025-04-17T14:53:45","date_gmt":"2025-04-17T12:53:45","guid":{"rendered":"https:\/\/stadttauben-bochum.de\/?page_id=1139"},"modified":"2025-04-17T14:53:46","modified_gmt":"2025-04-17T12:53:46","slug":"ein-taubenhaus-fuer-bochum","status":"publish","type":"page","link":"https:\/\/stadttauben-bochum.de\/?page_id=1139","title":{"rendered":"Ein Taubenhaus f\u00fcr Bochum"},"content":{"rendered":"<p>Die tierschutzgerechte L\u00f6sung der Taubenproblematik in unserer Stadt sind Taubenh\u00e4user!\u00a0<\/p>\n<p>Diese sind wie ein <b>Taubenschlag. <\/b>die vor ein paar Jahren noch zu <strong>vielen<\/strong> Haushaltengerade hier im Pott geh\u00f6rten.<\/p>\n<p>Die Tauben\u00a0 finden dort Unterschlupf und <b>Nistpl\u00e4tze<\/b>, artgerechtes <b>Futter<\/b> und <b>frisches Wasser<\/b>. Im Krankheitsfalle k\u00f6nnen sie behandelt werden. Durch ihre artgerechte Nahrung aus K\u00f6rnern und Samen bestehend, bekommen die Tauben gute Abwehrkr\u00e4fte.<\/p>\n<p>Durch ihre Ortstreue lassen sich Tauben an einen Schlag binden. Sie halten sich dort 70 bis 80% des Tages auf, wie fr\u00fcher in den h\u00e4uslichen Taubenschl\u00e4gen. Sie sind gesellige Wesen, meistens mit Br\u00fcten oder dem Reinigen des Gefieders besch\u00e4ftigt. So setzen sie auch ihre Verdauung an Ort und Stelle ab. Dies bedeutet <b>weniger Schmutz<\/b> an den H\u00e4userfassaden. Den Tauben wird das Ei-Gelege durch Attrappen ersetzt, die sie weiter bebr\u00fcten. So gibt es dann auch <b>weniger Nachwuchs<\/b>. <b>Geburtenkontrolle !!! ist der eigentliche Sinn der Taubenh\u00e4user<\/b><\/p>\n<p>Ein so betreutes Taubenhaus kann man in einen Dachboden integrieren oder z.B. auf dem Dach eines Parkhauses installieren. Die Betreuung kann durch einen bestellten <b>Taubenwart<\/b> geleistet werden, auch in Zusammenarbeit mit ehrenamtlich engagierten <b>Tierfreunden<\/b>.<\/p>\n<p>Allein in Deutschland gibt es in <b>\u00fcber 60 St\u00e4dten<\/b> ein sog. <b>Taubenmanagment<\/b>: Verantwortungstr\u00e4ger in den St\u00e4dten liegt in fast allen F\u00e4llen bei den Stadtverwaltungen vert. durch Ordnungs -und Veterin\u00e4ramt.\u00a0<\/p>\n<p>In NRW gibt es inzwischen eine steigende Zahl an St\u00e4dten und Kommunen z.B.:<\/p>\n<p>Gelsenkirchen, Recklinghausen, L\u00fcnen, Essen, Hamm, D\u00fcsseldorf, Hagen,\u00a0<\/p>\n<p>Ein <em>Taubenhaus<\/em> wird in der Regel errichtet, wenn sich an einer beh\u00f6rdlichen Stelle wenigstens <em>ein Mensch<\/em> daf\u00fcr entscheidet.<\/p>\n\n\n<p><\/p>\n","protected":false},"excerpt":{"rendered":"<p>Die tierschutzgerechte L\u00f6sung der Taubenproblematik in unserer Stadt sind Taubenh\u00e4user!\u00a0 Diese sind wie ein Taubenschlag. die vor ein paar Jahren noch zu vielen Haushaltengerade hier im Pott geh\u00f6rten. Die Tauben\u00a0&#8230;<\/p>\n","protected":false},"author":3,"featured_media":0,"parent":0,"menu_order":0,"comment_status":"closed","ping_status":"closed","template":"","meta":{"_uag_custom_page_level_css":"","footnotes":""},"class_list":["post-1139","page","type-page","status-publish","hentry"],"uagb_featured_image_src":{"full":false,"thumbnail":false,"medium":false,"medium_large":false,"large":false,"1536x1536":false,"2048x2048":false,"post-thumbnail":false,"graphy-post-thumbnail-large":false,"graphy-post-thumbnail-medium":false,"graphy-post-thumbnail-small":false,"graphy-page-thumbnail":false},"uagb_author_info":{"display_name":"Stadttaube","author_link":"https:\/\/stadttauben-bochum.de\/?author=3"},"uagb_comment_info":0,"uagb_excerpt":"Die tierschutzgerechte L\u00f6sung der Taubenproblematik in unserer Stadt sind Taubenh\u00e4user!\u00a0 Diese sind wie ein Taubenschlag. die vor ein paar Jahren noch zu vielen Haushaltengerade hier im Pott geh\u00f6rten. Die Tauben\u00a0...","_links":{"self":[{"href":"https:\/\/stadttauben-bochum.de\/index.php?rest_route=\/wp\/v2\/pages\/1139","targetHints":{"allow":["GET"]}}],"collection":[{"href":"https:\/\/stadttauben-bochum.de\/index.php?rest_route=\/wp\/v2\/pages"}],"about":[{"href":"https:\/\/stadttauben-bochum.de\/index.php?rest_route=\/wp\/v2\/types\/page"}],"author":[{"embeddable":true,"href":"https:\/\/stadttauben-bochum.de\/index.php?rest_route=\/wp\/v2\/users\/3"}],"replies":[{"embeddable":true,"href":"https:\/\/stadttauben-bochum.de\/index.php?rest_route=%2Fwp%2Fv2%2Fcomments&post=1139"}],"version-history":[{"count":2,"href":"https:\/\/stadttauben-bochum.de\/index.php?rest_route=\/wp\/v2\/pages\/1139\/revisions"}],"predecessor-version":[{"id":1274,"href":"https:\/\/stadttauben-bochum.de\/index.php?rest_route=\/wp\/v2\/pages\/1139\/revisions\/1274"}],"wp:attachment":[{"href":"https:\/\/stadttauben-bochum.de\/index.php?rest_route=%2Fwp%2Fv2%2Fmedia&parent=1139"}],"curies":[{"name":"wp","href":"https:\/\/api.w.org\/{rel}","templated":true}]}}