{"id":101,"date":"2014-05-20T18:31:03","date_gmt":"2014-05-20T16:31:03","guid":{"rendered":"http:\/\/stadttauben-bochum.de\/?page_id=101"},"modified":"2025-04-18T09:29:12","modified_gmt":"2025-04-18T07:29:12","slug":"stadttauben","status":"publish","type":"page","link":"https:\/\/stadttauben-bochum.de\/?page_id=101","title":{"rendered":"\u00dcber Stadttauben"},"content":{"rendered":"\n<div class=\"wp-block-uagb-image uagb-block-7476f769 wp-block-uagb-image--layout-default wp-block-uagb-image--effect-static wp-block-uagb-image--align-none\"><figure class=\"wp-block-uagb-image__figure\"><a class=\"\" href=\"https:\/\/stadttauben-bochum.de\/wp-content\/uploads\/2025\/04\/1744960851754-scaled.jpg\" target=\"\" rel=\"noopener\"><img loading=\"lazy\" decoding=\"async\" srcset=\"https:\/\/stadttauben-bochum.de\/wp-content\/uploads\/2025\/04\/1744960851754-700x571.jpg ,https:\/\/stadttauben-bochum.de\/wp-content\/uploads\/2025\/04\/1744960851754-scaled.jpg 780w, https:\/\/stadttauben-bochum.de\/wp-content\/uploads\/2025\/04\/1744960851754-scaled.jpg 360w\" sizes=\"auto, (max-width: 480px) 150px\" src=\"https:\/\/stadttauben-bochum.de\/wp-content\/uploads\/2025\/04\/1744960851754-700x571.jpg\" alt=\"\" class=\"uag-image-1226\" width=\"3072\" height=\"2504\" title=\"1744960851754\" loading=\"lazy\" role=\"img\"\/><\/a><\/figure><\/div>\n\n\n<p><strong>Warum haben wir so viele Tauben in den St\u00e4dten?<\/strong><\/p>\n<p>Das Problem mit den <strong>Tauben<\/strong> ist im Grunde von Menschen gemacht.<\/p>\n<p>Diese Tatsache wird jedoch gern \u00fcbersehen oder in ihrer Konsequenz nicht durchdacht. Deshalb m\u00f6chten wir hier kurz \u00fcber Schicksal und Geschichte informieren:\u00a0<\/p>\n<p>Unsere Stadttauben waren urspr\u00fcnglich Felsentauben, die in H\u00f6hlen und steinigem Gel\u00e4nde nisteten. Deshalb sind unsere St\u00e4dte mit ihren Geb\u00e4uden f\u00fcr sie der einzige attraktive Lebensraum.\u00a0<\/p>\n<p><strong>Stadttauben k\u00f6nnen nicht auf B\u00e4umen nisten. Allenfalls aufhalten, aber ihre Nester bauen sie in Nischen, an W\u00e4nden und in gesch\u00fctzten Dachb\u00f6den. Die Fassaden und Winkel an H\u00e4usern sind ihnen Felsen- oder Taubenschlagersatz. Die Stadt ist ihr Lebensraum. <\/strong><\/p>\n<p>Stadttauben sind haupts\u00e4chlich verwilderte Haustauben, die sich aufgrund von angez\u00fcchteter hoher Fortpflanzung das ganze Jahr hindurch vermehren; bis zu 7 Gelege haben sie im Jahr. Dabei legen sie keine direkte Winterpause, wie z.B. die hier weit verbreitete Wildtaube, also die Ringel- oder T\u00fcrkentaube, die im Gegensatz nur 2 x im Jahr br\u00fcten ein.<\/p>\n<p>Die Taube und ihre Eier dienten als Nahrung, und weil Menschen davon so viel wie m\u00f6glich haben wollten, oder auch angewiesen waren. Ist sie auf dauernde Vermehrung hin gez\u00fcchtet worden, was dazu f\u00fchrt, dass sie selbst in hungerndem oder kranken Zustand dennoch vermehrt.<\/p>\n<p><strong>Um die Zahl Mal vor Augen zu halten: Bei einem Schwarm von hundert Tauben entstehen in einem Jahr ca. 600 Eier. <\/strong><\/p>\n<p>Ein auch wesentlicher Faktor ist der Brieftaubensport und die Haltung von Tauben als Hobby, gerade im Ruhrgebiet war sie und ist sie bis heute noch sehr beliebt. Wer kannte denn fr\u00fcher nicht mindestens einen Nachbarn, Onkel oder Menschen der Tauben auch zum Vergn\u00fcgen hielt, und sie auf Reisen schickte, von denen sie, statt nach Hause zu fliegen, in unseren St\u00e4dten landeten, und sich dort vermehrten. Das bedeutet, unsere jetzigen Tauben auf der Stra\u00dfe, sind die Nachkommen derer Haustiere.<\/p>\n<p>So \u201egestaltet\u201c ist die Haustaube in den St\u00e4dten heute sich selbst \u00fcberlassen, und auf uns Menschen angewiesen.<\/p>\n<p><strong>Der Mensch ist es selber, der sich die Taube \u201evertraut\u201c gemacht hat.<\/strong><br \/>(frei nach \u201eDer kleine Prinz\u201c)<\/p>\n<p><strong>Sie hat keine andere Wahl.<\/strong><\/p>\n\n\n<figure class=\"wp-block-embed is-type-video is-provider-youtube wp-block-embed-youtube wp-embed-aspect-16-9 wp-has-aspect-ratio\"><div class=\"wp-block-embed__wrapper\">\n<iframe title=\"Stadttaubenkonzept HQ\" width=\"700\" height=\"394\" src=\"https:\/\/www.youtube.com\/embed\/H9_Oz2xJt3c?feature=oembed\" frameborder=\"0\" allow=\"accelerometer; autoplay; clipboard-write; encrypted-media; gyroscope; picture-in-picture; web-share\" referrerpolicy=\"strict-origin-when-cross-origin\" allowfullscreen><\/iframe>\n<\/div><\/figure>\n","protected":false},"excerpt":{"rendered":"<p>Warum haben wir so viele Tauben in den St\u00e4dten? Das Problem mit den Tauben ist im Grunde von Menschen gemacht. Diese Tatsache wird jedoch gern \u00fcbersehen oder in ihrer Konsequenz&#8230;<\/p>\n","protected":false},"author":3,"featured_media":0,"parent":0,"menu_order":6,"comment_status":"closed","ping_status":"closed","template":"","meta":{"_uag_custom_page_level_css":"","footnotes":""},"class_list":["post-101","page","type-page","status-publish","hentry"],"uagb_featured_image_src":{"full":false,"thumbnail":false,"medium":false,"medium_large":false,"large":false,"1536x1536":false,"2048x2048":false,"post-thumbnail":false,"graphy-post-thumbnail-large":false,"graphy-post-thumbnail-medium":false,"graphy-post-thumbnail-small":false,"graphy-page-thumbnail":false},"uagb_author_info":{"display_name":"Stadttaube","author_link":"https:\/\/stadttauben-bochum.de\/?author=3"},"uagb_comment_info":0,"uagb_excerpt":"Warum haben wir so viele Tauben in den St\u00e4dten? Das Problem mit den Tauben ist im Grunde von Menschen gemacht. Diese Tatsache wird jedoch gern \u00fcbersehen oder in ihrer Konsequenz...","_links":{"self":[{"href":"https:\/\/stadttauben-bochum.de\/index.php?rest_route=\/wp\/v2\/pages\/101","targetHints":{"allow":["GET"]}}],"collection":[{"href":"https:\/\/stadttauben-bochum.de\/index.php?rest_route=\/wp\/v2\/pages"}],"about":[{"href":"https:\/\/stadttauben-bochum.de\/index.php?rest_route=\/wp\/v2\/types\/page"}],"author":[{"embeddable":true,"href":"https:\/\/stadttauben-bochum.de\/index.php?rest_route=\/wp\/v2\/users\/3"}],"replies":[{"embeddable":true,"href":"https:\/\/stadttauben-bochum.de\/index.php?rest_route=%2Fwp%2Fv2%2Fcomments&post=101"}],"version-history":[{"count":17,"href":"https:\/\/stadttauben-bochum.de\/index.php?rest_route=\/wp\/v2\/pages\/101\/revisions"}],"predecessor-version":[{"id":1227,"href":"https:\/\/stadttauben-bochum.de\/index.php?rest_route=\/wp\/v2\/pages\/101\/revisions\/1227"}],"wp:attachment":[{"href":"https:\/\/stadttauben-bochum.de\/index.php?rest_route=%2Fwp%2Fv2%2Fmedia&parent=101"}],"curies":[{"name":"wp","href":"https:\/\/api.w.org\/{rel}","templated":true}]}}