{"id":10,"date":"2014-03-06T14:23:15","date_gmt":"2014-03-06T13:23:15","guid":{"rendered":"http:\/\/stadttauben-bochum.de\/?page_id=10"},"modified":"2026-05-05T07:49:58","modified_gmt":"2026-05-05T05:49:58","slug":"impressum","status":"publish","type":"page","link":"https:\/\/stadttauben-bochum.de\/?page_id=10","title":{"rendered":"Impressum"},"content":{"rendered":"\n<div class=\"wp-block-uagb-container uagb-block-85fa1008 alignfull uagb-is-root-container\"><div class=\"uagb-container-inner-blocks-wrap\"><\/div><\/div>\n\n\n\n<p>Angaben gem\u00e4\u00df \u00a7 5 TMG:<\/p>\n\n\n\n<p><strong>Postanschrift<\/strong><br \/>J. Raiwa, Ludwig-Steil-Str. 7, 44866 Bochum<\/p>\n\n\n\n<p><strong>Wichtig<\/strong>: Bitte beachten Sie, dass wir an der o.g. Adresse keine kranken oder verletzten Tauben anehmen k\u00f6nnen. Wenn Sie einen Notfall haben, wenden Sie sich bitte in der <a href=\"https:\/\/www.facebook.com\/stadttaubenbochum\" target=\"_blank\" rel=\"noopener noreferrer\">Facebook-Gruppe <\/a>an uns oder schreiben Sie uns eine E-Mail. Wir versuchen dann, Ihnen bestm\u00f6glich zu helfen.<\/p>\n\n\n\n<p>E-Mail: info@stadttauben-bochum.de<br \/><a href=\"https:\/\/www.facebook.com\/stadttaubenbochum\" target=\"_blank\" rel=\"noopener noreferrer\">Facebook<\/a><\/p>\n\n\n\n<p>Stadttauben Bochum e.V. ist eingetragen im Vereinsregister Amtsgericht Bochum 064068030032.<br \/>Steuernummer: 350\/5702\/8244&nbsp;Finanzamt Bochum-S\u00fcd<br \/>Stadttauben Bochum e.V. ist als gemeinn\u00fctzig anerkannt.<\/p>\n\n\n\n<p>Vorst\u00e4nde: <\/p>\n\n\n\n<ul class=\"wp-block-list\">\n<li>Annika Hafke<\/li>\n\n\n\n<li>Jacqueline Raiwa<\/li>\n\n\n\n<li>Sophie Schlebe<\/li>\n<\/ul>\n\n\n\n<p><strong>Spendenkonto<\/strong><br \/>Stadttauben Bochum e.V.<br \/>IBAN DE18430601290403198000<br \/>BIC GENODEM1BOC<\/p>\n\n\n\n<p><strong>Mitgliedsantrag und Satzung<\/strong><\/p>\n\n\n\n<div class=\"wp-block-file\"><a id=\"wp-block-file--media-95bd3042-ec62-48cb-b348-2ff96c3be243\" href=\"https:\/\/stadttauben-bochum.de\/wp-content\/uploads\/2025\/08\/Mitgliedsantrag_StadttaubenBochumeV-1.pdf\" target=\"_blank\" rel=\"noreferrer noopener\">Mitgliedsantrag_StadttaubenBochumeV-1<\/a><a href=\"https:\/\/stadttauben-bochum.de\/wp-content\/uploads\/2025\/08\/Mitgliedsantrag_StadttaubenBochumeV-1.pdf\" class=\"wp-block-file__button wp-element-button\" download aria-describedby=\"wp-block-file--media-95bd3042-ec62-48cb-b348-2ff96c3be243\">Herunterladen<\/a><\/div>\n\n\n\n<div class=\"wp-block-file\"><a id=\"wp-block-file--media-b743f926-3773-4cb0-b49f-9362ae93c729\" href=\"https:\/\/stadttauben-bochum.de\/wp-content\/uploads\/2020\/08\/Satzung_stadttauben_191205-1.pdf\" target=\"_blank\" rel=\"noreferrer noopener\">Satzung_stadttauben_191205<\/a><a href=\"https:\/\/stadttauben-bochum.de\/wp-content\/uploads\/2020\/08\/Satzung_stadttauben_191205-1.pdf\" class=\"wp-block-file__button wp-element-button\" download aria-describedby=\"wp-block-file--media-b743f926-3773-4cb0-b49f-9362ae93c729\">Herunterladen<\/a><\/div>\n\n\n\n<p><strong>Haftung f\u00fcr Inhalte<\/strong><\/p>\n\n\n\n<p>Als Diensteanbieter sind wir gem\u00e4\u00df \u00a7 7 Abs.1 TMG f\u00fcr eigene Inhalte auf diesen Seiten nach den allgemeinen Gesetzen verantwortlich. Nach \u00a7\u00a7 8 bis 10 TMG sind wir als Diensteanbieter jedoch nicht verpflichtet, \u00fcbermittelte oder gespeicherte fremde Informationen zu \u00fcberwachen oder nach Umst\u00e4nden zu forschen, die auf eine rechtswidrige T\u00e4tigkeit hinweisen. Verpflichtungen zur Entfernung oder Sperrung der Nutzung von Informationen nach den allgemeinen Gesetzen bleiben hiervon unber\u00fchrt. Eine diesbez\u00fcgliche Haftung ist jedoch erst ab dem Zeitpunkt der Kenntnis einer konkreten Rechtsverletzung m\u00f6glich. Bei Bekanntwerden von entsprechenden Rechtsverletzungen werden wir diese Inhalte umgehend entfernen.<\/p>\n\n\n\n<p><strong>Haftung f\u00fcr Links<\/strong><\/p>\n\n\n\n<p>Unser Angebot enth\u00e4lt Links zu externen Webseiten Dritter, auf deren Inhalte wir keinen Einfluss haben. Deshalb k\u00f6nnen wir f\u00fcr diese fremden Inhalte auch keine Gew\u00e4hr \u00fcbernehmen. F\u00fcr die Inhalte der verlinkten Seiten ist stets der jeweilige Anbieter oder Betreiber der Seiten verantwortlich. Die verlinkten Seiten wurden zum Zeitpunkt der Verlinkung auf m\u00f6gliche Rechtsverst\u00f6\u00dfe \u00fcberpr\u00fcft. Rechtswidrige Inhalte waren zum Zeitpunkt der Verlinkung nicht erkennbar. Eine permanente inhaltliche Kontrolle der verlinkten Seiten ist jedoch ohne konkrete Anhaltspunkte einer Rechtsverletzung nicht zumutbar. Bei Bekanntwerden von Rechtsverletzungen werden wir derartige Links umgehend entfernen.<\/p>\n\n\n\n<p><strong>Urheberrecht<\/strong><\/p>\n\n\n\n<p>Die durch die Seitenbetreiber erstellten Inhalte und Werke auf diesen Seiten unterliegen dem deutschen Urheberrecht. Die Vervielf\u00e4ltigung, Bearbeitung, Verbreitung und jede Art der Verwertung au\u00dferhalb der Grenzen des Urheberrechtes bed\u00fcrfen der schriftlichen Zustimmung des jeweiligen Autors bzw. Erstellers. Downloads und Kopien dieser Seite sind nur f\u00fcr den privaten, nicht kommerziellen Gebrauch gestattet. Soweit die Inhalte auf dieser Seite nicht vom Betreiber erstellt wurden, werden die Urheberrechte Dritter beachtet. Insbesondere werden Inhalte Dritter als solche gekennzeichnet. Sollten Sie trotzdem auf eine Urheberrechtsverletzung aufmerksam werden, bitten wir um einen entsprechenden Hinweis. Bei Bekanntwerden von Rechtsverletzungen werden wir derartige Inhalte umgehend entfernen.<\/p>\n\n\n\n<p><i>Quellverweis: <a href=\"http:\/\/www.e-recht24.de\/muster-disclaimer.html\" target=\"_blank\" rel=\"nofollow noopener noreferrer\">Disclaimer eRecht24<\/a>, <a href=\"http:\/\/www.e-recht24.de\/muster-disclaimer.html\" target=\"_blank\" rel=\"nofollow noopener noreferrer\">eRecht24 Disclaimer<\/a><\/i><\/p>\n\n\n\n<p><\/p>\n","protected":false},"excerpt":{"rendered":"<p>Angaben gem\u00e4\u00df \u00a7 5 TMG: PostanschriftJ. Raiwa, Ludwig-Steil-Str. 7, 44866 Bochum Wichtig: Bitte beachten Sie, dass wir an der o.g. Adresse keine kranken oder verletzten Tauben anehmen k\u00f6nnen. Wenn Sie&#8230;<\/p>\n","protected":false},"author":3,"featured_media":0,"parent":0,"menu_order":8,"comment_status":"closed","ping_status":"closed","template":"","meta":{"_uag_custom_page_level_css":"","footnotes":""},"class_list":["post-10","page","type-page","status-publish","hentry"],"uagb_featured_image_src":{"full":false,"thumbnail":false,"medium":false,"medium_large":false,"large":false,"1536x1536":false,"2048x2048":false,"post-thumbnail":false,"graphy-post-thumbnail-large":false,"graphy-post-thumbnail-medium":false,"graphy-post-thumbnail-small":false,"graphy-page-thumbnail":false},"uagb_author_info":{"display_name":"Stadttaube","author_link":"https:\/\/stadttauben-bochum.de\/?author=3"},"uagb_comment_info":0,"uagb_excerpt":"Angaben gem\u00e4\u00df \u00a7 5 TMG: PostanschriftJ. Raiwa, Ludwig-Steil-Str. 7, 44866 Bochum Wichtig: Bitte beachten Sie, dass wir an der o.g. Adresse keine kranken oder verletzten Tauben anehmen k\u00f6nnen. Wenn Sie...","_links":{"self":[{"href":"https:\/\/stadttauben-bochum.de\/index.php?rest_route=\/wp\/v2\/pages\/10","targetHints":{"allow":["GET"]}}],"collection":[{"href":"https:\/\/stadttauben-bochum.de\/index.php?rest_route=\/wp\/v2\/pages"}],"about":[{"href":"https:\/\/stadttauben-bochum.de\/index.php?rest_route=\/wp\/v2\/types\/page"}],"author":[{"embeddable":true,"href":"https:\/\/stadttauben-bochum.de\/index.php?rest_route=\/wp\/v2\/users\/3"}],"replies":[{"embeddable":true,"href":"https:\/\/stadttauben-bochum.de\/index.php?rest_route=%2Fwp%2Fv2%2Fcomments&post=10"}],"version-history":[{"count":43,"href":"https:\/\/stadttauben-bochum.de\/index.php?rest_route=\/wp\/v2\/pages\/10\/revisions"}],"predecessor-version":[{"id":1523,"href":"https:\/\/stadttauben-bochum.de\/index.php?rest_route=\/wp\/v2\/pages\/10\/revisions\/1523"}],"wp:attachment":[{"href":"https:\/\/stadttauben-bochum.de\/index.php?rest_route=%2Fwp%2Fv2%2Fmedia&parent=10"}],"curies":[{"name":"wp","href":"https:\/\/api.w.org\/{rel}","templated":true}]}}